{"id":1466,"date":"2021-05-22T12:46:58","date_gmt":"2021-05-22T10:46:58","guid":{"rendered":"https:\/\/www.fue-blog.de\/?page_id=1466"},"modified":"2023-07-31T18:55:04","modified_gmt":"2023-07-31T16:55:04","slug":"podcasts","status":"publish","type":"page","link":"https:\/\/www.fue-blog.de\/?page_id=1466","title":{"rendered":"Podcasts"},"content":{"rendered":"<p><iframe style=\"width: 100%; max-width: 660px; overflow: hidden; border-radius: 10px;\" src=\"https:\/\/embed.podcasts.apple.com\/us\/podcast\/roadmapping-field-study-update-2023-with-sven-schimpf\/id1555857396?i=1000622903680\" height=\"175\" frameborder=\"0\" sandbox=\"allow-forms allow-popups allow-same-origin allow-scripts allow-storage-access-by-user-activation allow-top-navigation-by-user-activation\"><\/iframe><\/p>\n<p>Roadmapping Field Study Update 2023 (EN) in <a href=\"_wp_link_placeholder\" data-wplink-edit=\"true\">Innovation Talks Podcast<\/a>, gef\u00fchrt von <a href=\"https:\/\/www.linkedin.com\/in\/hellerpaul\/\">Paul Heller<\/a> f\u00fcr<a href=\"https:\/\/www.sopheon.com\/\"> Sopheon<\/a> im Juli 2023<\/p>\n<p><iframe loading=\"lazy\" style=\"border-radius: 12px;\" src=\"https:\/\/open.spotify.com\/embed\/episode\/1fnUqCcNXkl6nESEyTdsLR?utm_source=generator\" width=\"100%\" height=\"352\" frameborder=\"0\" allowfullscreen=\"allowfullscreen\"><\/iframe><\/p>\n<p>Was ist Innovation? (DE) im <a href=\"https:\/\/www.manufactum.de\/manufactum-podcast-c200736\/\" target=\"_blank\" rel=\"noopener\">Manufactum Podcast: Bewu\u00dft gemacht<\/a>, gef\u00fchrt durch <a href=\"https:\/\/www.linkedin.com\/in\/theresa-yal%C3%A7in-130610167\/\" target=\"_blank\" rel=\"noopener\">Theresa Yal\u00e7in<\/a>\u00a0 im September 2022<\/p>\n<p><iframe loading=\"lazy\" src=\"https:\/\/open.spotify.com\/embed\/episode\/6zHyWwfpIf7tdO9bBI2p2a?utm_source=generator\" width=\"100%\" height=\"232\" frameborder=\"0\" allowfullscreen=\"allowfullscreen\"><\/iframe><\/p>\n<p>Corona: Innovationsbooster oder Innovationsbremse. (DE) im <a href=\"https:\/\/open.spotify.com\/show\/1e3CCxoi6uOUO1bYHNyNSx?si=8675ea59e739403d\" target=\"_blank\" rel=\"noopener\">Fraunhofer Podcast: Forschung erleben &#8211; Zukunft h\u00f6ren<\/a> gef\u00fchrt durch <a href=\"https:\/\/www.linkedin.com\/in\/sibylle-ga%C3%9Fner-nickl-a5431977\/\" target=\"_blank\" rel=\"noopener\">Sibylle Ga\u00dfner-Nickl<\/a> im Dezember 2021.<\/p>\n<p><iframe loading=\"lazy\" style=\"border: none;\" src=\"\/\/html5-player.libsyn.com\/embed\/episode\/id\/19359701\/height\/90\/theme\/custom\/thumbnail\/yes\/direction\/forward\/render-playlist\/no\/custom-color\/337ab7\/\" width=\"100%\" height=\"100%\" scrolling=\"no\" allowfullscreen=\"allowfullscreen\"><span style=\"display: inline-block; width: 0px; overflow: hidden; line-height: 0;\" data-mce-type=\"bookmark\" class=\"mce_SELRES_start\">\ufeff<\/span><span style=\"display: inline-block; width: 0px; overflow: hidden; line-height: 0;\" data-mce-type=\"bookmark\" class=\"mce_SELRES_start\">\ufeff<\/span><span style=\"display: inline-block; width: 0px; overflow: hidden; line-height: 0;\" data-mce-type=\"bookmark\" class=\"mce_SELRES_start\">\ufeff<\/span><span style=\"display: inline-block; width: 0px; overflow: hidden; line-height: 0;\" data-mce-type=\"bookmark\" class=\"mce_SELRES_start\">\ufeff<\/span><\/iframe><\/p>\n<p class=\"section-heading\">How did the Pandemic change the future of Innovation, and what it now looks like. (EN) gef\u00fchrt von <a href=\"https:\/\/www.linkedin.com\/in\/hellerpaul\/\">Paul Heller<\/a> f\u00fcr<a href=\"https:\/\/www.sopheon.com\/\"> Sopheon<\/a> im Juni 2021<\/p>\n<p><iframe loading=\"lazy\" src=\"https:\/\/open.spotify.com\/embed\/episode\/4M07Au6ZGL4neGlL3WkWcl\" width=\"100%\" height=\"232\" frameborder=\"0\"><\/iframe><br \/>\n<iframe style=\"width: 100%; max-width: 660px; overflow: hidden; background: transparent;\" src=\"https:\/\/embed.podcasts.apple.com\/de\/podcast\/16-sven-schimpf-germany-still-global-player-innovation\/id1508868889?i=1000524515808&amp;l=en\" height=\"175\" frameborder=\"0\" sandbox=\"allow-forms allow-popups allow-same-origin allow-scripts allow-storage-access-by-user-activation allow-top-navigation-by-user-activation\"><\/iframe><br \/>\n<em>Germany &#8211; (still) a global player of innovation and disruption? (EN)<br \/>\ngef\u00fchrt von <a href=\"http:\/\/muehlroth.com\/\">Christian M\u00fchlroth<\/a> f\u00fcr <a href=\"https:\/\/www.itonics-innovation.com\/\">Itonics<\/a> im Mai 2021<\/em><\/p>\n<p><iframe loading=\"lazy\" title=\"Land der Gesundheit: Die Pandemie als Digitalisierungsbooster und Innovationstreiber\" width=\"525\" height=\"295\" src=\"https:\/\/www.youtube.com\/embed\/xsgolbh474o?feature=oembed\" frameborder=\"0\" allow=\"accelerometer; autoplay; clipboard-write; encrypted-media; gyroscope; picture-in-picture; web-share\" referrerpolicy=\"strict-origin-when-cross-origin\" allowfullscreen><\/iframe><\/p>\n<p><em>Freir\u00e4ume f\u00fcr Innovation schaffen<\/em><br \/>\ngef\u00fchrt von <a href=\"https:\/\/www.zeit.de\/autoren\/W\/Klaus_Wilhelm\/index\">Klaus Wilhelm<\/a> f\u00fcr die Plattform <a href=\"https:\/\/www.landdergesundheit.de\/\">Land der Gesundheit<\/a>, Pfizer Deutschland GmbH im Mai 2021<\/p>\n<p><a href=\"https:\/\/soundcloud.com\/user-281692646\/01-sven-schimpf-vertrauen-ist-ein-notwendiger-bestandteil-der-innovation\">https:\/\/soundcloud.com\/user-281692646\/01-sven-schimpf-vertrauen-ist-ein-notwendiger-bestandteil-der-innovation<\/a><\/p>\n<p><em>Vertrauen ist ein notwendiger Bestandteil der Innovation<\/em><br \/>\nerdacht und erstellt durch Studierende des <a href=\"https:\/\/designpf.hs-pforzheim.de\/ma_cd\">Master of Arts in Creative Direction<\/a> am <a href=\"http:\/\/www.heed.institute\">Institute f\u00fcr Human Engineering &amp; Empathic Design HEED<\/a> der <a href=\"http:\/\/www.hs-pforzheim.de\">HS-Pforzheim<\/a> f\u00fcr die <a href=\"https:\/\/www.fuehrungplusx.de\/\">Kampagne F\u00fchrung + X<\/a> der <a href=\"https:\/\/www.karlschlechtstiftung.de\/\">Karl Schlecht Stiftung<\/a> im Juli 2020<\/p>\n","protected":false},"excerpt":{"rendered":"<p>Roadmapping Field Study Update 2023 (EN) in Innovation Talks Podcast, gef\u00fchrt von Paul Heller f\u00fcr Sopheon im Juli 2023 Was ist Innovation? (DE) im Manufactum Podcast: Bewu\u00dft gemacht, gef\u00fchrt durch Theresa Yal\u00e7in\u00a0 im September 2022 Corona: Innovationsbooster oder Innovationsbremse. (DE) im Fraunhofer Podcast: Forschung erleben &#8211; Zukunft h\u00f6ren gef\u00fchrt durch Sibylle Ga\u00dfner-Nickl im Dezember 2021. &hellip; <\/p>\n<p class=\"link-more\"><a href=\"https:\/\/www.fue-blog.de\/?page_id=1466\" class=\"more-link\"><span class=\"screen-reader-text\">\u201ePodcasts\u201c <\/span>weiterlesen<\/a><\/p>\n","protected":false},"author":4,"featured_media":0,"parent":20,"menu_order":0,"comment_status":"closed","ping_status":"closed","template":"","meta":{"footnotes":""},"class_list":["post-1466","page","type-page","status-publish","hentry"],"_links":{"self":[{"href":"https:\/\/www.fue-blog.de\/index.php?rest_route=\/wp\/v2\/pages\/1466","targetHints":{"allow":["GET"]}}],"collection":[{"href":"https:\/\/www.fue-blog.de\/index.php?rest_route=\/wp\/v2\/pages"}],"about":[{"href":"https:\/\/www.fue-blog.de\/index.php?rest_route=\/wp\/v2\/types\/page"}],"author":[{"embeddable":true,"href":"https:\/\/www.fue-blog.de\/index.php?rest_route=\/wp\/v2\/users\/4"}],"replies":[{"embeddable":true,"href":"https:\/\/www.fue-blog.de\/index.php?rest_route=%2Fwp%2Fv2%2Fcomments&post=1466"}],"version-history":[{"count":9,"href":"https:\/\/www.fue-blog.de\/index.php?rest_route=\/wp\/v2\/pages\/1466\/revisions"}],"predecessor-version":[{"id":1571,"href":"https:\/\/www.fue-blog.de\/index.php?rest_route=\/wp\/v2\/pages\/1466\/revisions\/1571"}],"up":[{"embeddable":true,"href":"https:\/\/www.fue-blog.de\/index.php?rest_route=\/wp\/v2\/pages\/20"}],"wp:attachment":[{"href":"https:\/\/www.fue-blog.de\/index.php?rest_route=%2Fwp%2Fv2%2Fmedia&parent=1466"}],"curies":[{"name":"wp","href":"https:\/\/api.w.org\/{rel}","templated":true}]}}