{"id":20,"date":"2009-11-10T20:04:21","date_gmt":"2009-11-10T18:04:21","guid":{"rendered":"https:\/\/www.fue-blog.de\/?page_id=20"},"modified":"2024-03-26T18:46:45","modified_gmt":"2024-03-26T17:46:45","slug":"sven-schimpf","status":"publish","type":"page","link":"https:\/\/www.fue-blog.de\/?page_id=20","title":{"rendered":"Sven Schimpf"},"content":{"rendered":"<h1 style=\"text-align: left;\"><em>&#8222;Innovation ist, was wir aus Ideen machen!&#8220;<br \/>\n<\/em><\/h1>\n<p style=\"text-align: left;\"><a href=\"https:\/\/www.fue-blog.de\/wp-content\/uploads\/Schimpf-Sven-SVES-521-ausschnitt_klein.jpg\"><img loading=\"lazy\" decoding=\"async\" class=\"alignnone size-full wp-image-1370\" src=\"https:\/\/www.fue-blog.de\/wp-content\/uploads\/Schimpf-Sven-SVES-521-ausschnitt_klein.jpg\" alt=\"\" width=\"300\" height=\"342\" srcset=\"https:\/\/www.fue-blog.de\/wp-content\/uploads\/Schimpf-Sven-SVES-521-ausschnitt_klein.jpg 300w, https:\/\/www.fue-blog.de\/wp-content\/uploads\/Schimpf-Sven-SVES-521-ausschnitt_klein-263x300.jpg 263w\" sizes=\"auto, (max-width: 300px) 100vw, 300px\" \/><\/a><\/p>\n<p style=\"text-align: left;\">Prof. Dr.-Ing. Dipl.-Kfm. MST PMP<br \/>\n<a class=\"linkification-ext\" title=\"Linkification: mailto:Sven.Schimpf@iao.fraunhofer.de\" href=\"mailto:Sven.Schimpf@iao.fraunhofer.de\">Sven.Schimpf@innovation.fraunhofer.de<br \/>\n<\/a>+49 (0) 711 970 2457<\/p>\n<p style=\"text-align: left;\">Interdisziplin\u00e4rer Forscher und Vordenker in der Fraunhofer Gesellschaft. Gesch\u00e4ftsf\u00fchrer des <a href=\"http:\/\/www.innovation.fraunhofer.de\" target=\"_blank\" rel=\"noopener\">Fraunhofer-Verbunds Innovationsforschung<\/a>, Direktor der <a href=\"http:\/\/www.heed.institute\" target=\"_blank\" rel=\"noopener\">Instituts for Human Engineering &amp; Empathic Design HEED<\/a> an der HS-Pforzheim und Professor f\u00fcr Innovations- und Intersdisziplinarit\u00e4tsforschung im Stiftungslehrstuhl der <a href=\"https:\/\/www.karlschlechtstiftung.de\/\" target=\"_blank\" rel=\"noopener\">Karl Schlecht Stiftung<\/a> und in der Projektleitung der Design Factory Pforzheim, einem Mitglied des Global Design Factory Netzwerkes. Bloggt rund um das Thema strategisches Innovations-, Technologie- und F&amp;E Management. Warum? Weil spannende Ideen und technologische M\u00f6glichkeiten, die Mehrwert generieren, diskutiert und verbreitet werden m\u00fcssen!<\/p>\n<p style=\"text-align: left;\"><em>Nach dem St<\/em>udium an den Universit\u00e4ten Augsburg (DE) und Rennes (FR) mit den Abschl\u00fcssen Diplomkaufmann und Ma\u00eetrise de Sciences et Techniques seit 2002\u00a0 am Fraunhofer IAO \/ IAT Universit\u00e4t Stuttgart im <a href=\"http:\/\/www.rdm.iao.fraunhofer.de\" target=\"_blank\" rel=\"noopener\">Competence Center FuE Management<\/a> mit Verantwortung des Themenbereiches strategisches F&amp;E und Technologiemanagement. Durchf\u00fchrung verschiedenster (z.T. internationaler) Industrie- und Forschungsprojekte zu den Themen FuE Prozesse, FuE Strategie, Performance Measurement sowie im Bereich Technologie- und Innovationsmanagement. Promotion zum Dr.-Ing. am Institut f\u00fcr Arbeitswissenschaften und Technologiemanagement der Universit\u00e4t Stuttgart. Editorial Board Member im IGI International Journal of R&amp;D Innovation Strategy und im International Journal of Innovation and Technology Management. Reviewer beim IEEE Transactions on Engineering Management, dem International Journal for Technological Forecasting &amp; Social Change und beim R&amp;D Management Journal. Mitglied im Bridge Programmkommittee des Schweizer Nationalfonds. Seit Oktober 2017, Gesch\u00e4ftsf\u00fchrer vom <a href=\"http:\/\/www.innovation.fraunhofer.de\" target=\"_blank\" rel=\"noopener\">Fraunhofer-Verbund Innovationsforschung<\/a>. Seit M\u00e4rz 2020, Professor f\u00fcr Innovations- und Interdisziplinarit\u00e4tsforschung am <a href=\"http:\/\/www.heed.institute\" target=\"_blank\" rel=\"noopener\">Institut f\u00fcr Human Engineering und Empathic Design HEED der Hochschule Pforzheim<\/a>.<\/p>\n<p><em><strong>Ver\u00f6ffentlichungen finden sich auf der Fraunhofer Publica Datenbank unter:<\/strong><\/em><\/p>\n<p><a href=\"https:\/\/publica.fraunhofer.de\/entities\/person\/87223cdb-1a03-475f-9ee4-bc5cd7ecaec9\/publications\" target=\"_blank\" rel=\"noopener\">https:\/\/publica.fraunhofer.de\/entities\/person\/87223cdb-1a03-475f-9ee4-bc5cd7ecaec9\/publications<\/a><\/p>\n<p style=\"text-align: left;\"><strong><em>Vortr\u00e4ge und Moderation (Auszug):<\/em><\/strong><\/p>\n<ul>\n<li>&#8222;<em>Measuring Innovation. From financial metrics to performance management<\/em>&#8222;, IfM Cambridge Open Innovation Forum, Freising, 2023.<\/li>\n<li>&#8222;<em>Roadmapping Field Study 2023<\/em>&#8222;, collaborative Webinar with Rob Phaal and Olivier de Weck, online 2023.<\/li>\n<li>&#8222;<em>The Future of Innovation and Research: What can be expected?<\/em>&#8222;, Science Impact Circle, M\u00fcnchen 2023.<\/li>\n<li>&#8222;<em>Die Zukunft der Innovation. Offen und Interdisziplin\u00e4r<\/em>&#8222;, 5. Disrupting Procurement 2022, BME.<\/li>\n<li>&#8222;<em>Roadmapping. Yesterday &#8211; Today &#8211; Tomorrow<\/em>&#8222;, STIM Meeting 2021, IfM Cambridge.<\/li>\n<li>&#8222;<em>Die Zukunft der Innovation. Digital, kollaborativ und flexibel<\/em>&#8222;, PDMA virtueller Talk, 2021.<\/li>\n<li>&#8222;Impulses for the Future. R&amp;D and Innovation in 2030&#8220;, RnD Innovation Conference 2021, Amsterdam.<\/li>\n<li>&#8222;<em>Impulses for the future. Innovation &#8211; Work &#8211; Production<\/em>&#8222;, Bosch Outside-In Innovation Day 2021.<\/li>\n<li>&#8222;<em>Key Trends and Challenges. From Covid-19 to Sustainability<\/em>&#8222;, Smart R&amp;D Management Summit 2021.<\/li>\n<li>&#8222;<em>Die Zukunft der Innovation. Trends und Herausforderungen<\/em>&#8222;, Innovationstag Nordschwarzwald 2021.<\/li>\n<li>&#8222;<em>How to innovate in a changing world &#8211; Fraunhofer Outlook 2030<\/em>&#8222;, R&amp;D Transformation Summit 2020, Amsterdam.<\/li>\n<li>&#8222;<em>How to innovate in a changing world &#8211; Fraunhofer Outlook 2030<\/em>&#8222;, TIM Tagung 2020, Aachen.<\/li>\n<li>&#8222;<em>The future of foresight and innovation<\/em>&#8222;, Itonics AI-Foresight 2020, Berlin.<\/li>\n<li>&#8222;<em>How to innovate in a changing world<\/em>&#8222;, Fraunhofer USA Workshop 2020, Fraunhofer-South Carolina Alliance.<\/li>\n<li>&#8222;<em>Disruption &#8211; Mythos oder Realit\u00e4t<\/em>&#8222;, FUTURE :: HEALTH &amp; SCIENCE TALK 2019, Wien.<\/li>\n<li>&#8222;<em>Roadmapping in Practice III &#8211; Scenario-based Roadmapping<\/em>&#8222;, 2019, Fraunhofer-Verbund Innovationsforschung, Stuttgart<\/li>\n<li>Podiumsdiskussion auf dem Innovationskongress Hessen 2018 in Frankfurt<\/li>\n<li>&#8222;<em>Roadmapping: current state and challenges<\/em>&#8222;, R&amp;D Processes 2017, Barcelona<\/li>\n<li><em>\u201eNext Generation R&amp;D: Trends in der Forschung und Entwicklung\u201c<\/em>, Trelleborg Innovation Days, Mai\/Juni 2016, Stuttgart<\/li>\n<li><em>\u201eErgebnisse der Praxisstudie Roadmapping<\/em>\u201c und Moderation der Veranstaltung <em>Roadmapping in der Praxis: Fahrplan zum Unternehmenserfolg<\/em>, April 2016, Stuttgart<\/li>\n<li><em>\u201eDesign Thinking und Lego Serious Play<\/em>\u201c, Januar 2016, W\u00fcrzburg.<\/li>\n<li>Moderation der Veranstaltung <em>Technologievorsprung sichern: Innovative L\u00f6sungen zur Identifikation und Bewertung von Technologien<\/em>, Fraunhofer IAO, April 2015, Stuttgart<\/li>\n<li>Gesamtmoderation der \u201e<em>R&amp;D Management Conference 2014<\/em>\u201c, Juni 2014, Stuttgart<\/li>\n<li>Workshopmoderation \u201e<em>Networking Workshop Technology &amp; Innovation \u2013 Business Needs meet Public Support<\/em>\u201c, GIZ, Oktober 2014, Manila.<\/li>\n<li>Moderation \u201e<em>Open Innovation Day<\/em>\u201c, Open-Alps Projekt, Mai 2014, Stuttgart.<\/li>\n<li>\u201e<em>Web 2.0 im Innovationsmanagement &#8211; <\/em><em>Potenziale f\u00fcr Kommunikation und Zusammenarbeit\u201c<\/em>, Fraunhofer IAO \/ bwcon, Juli 2013, Stuttgart<\/li>\n<\/ul>\n","protected":false},"excerpt":{"rendered":"<p>&#8222;Innovation ist, was wir aus Ideen machen!&#8220; Prof. Dr.-Ing. Dipl.-Kfm. MST PMP Sven.Schimpf@innovation.fraunhofer.de +49 (0) 711 970 2457 Interdisziplin\u00e4rer Forscher und Vordenker in der Fraunhofer Gesellschaft. Gesch\u00e4ftsf\u00fchrer des Fraunhofer-Verbunds Innovationsforschung, Direktor der Instituts for Human Engineering &amp; Empathic Design HEED an der HS-Pforzheim und Professor f\u00fcr Innovations- und Intersdisziplinarit\u00e4tsforschung im Stiftungslehrstuhl der Karl Schlecht Stiftung &hellip; <\/p>\n<p class=\"link-more\"><a href=\"https:\/\/www.fue-blog.de\/?page_id=20\" class=\"more-link\"><span class=\"screen-reader-text\">\u201eSven Schimpf\u201c <\/span>weiterlesen<\/a><\/p>\n","protected":false},"author":1,"featured_media":0,"parent":0,"menu_order":0,"comment_status":"closed","ping_status":"open","template":"","meta":{"footnotes":""},"class_list":["post-20","page","type-page","status-publish","hentry"],"_links":{"self":[{"href":"https:\/\/www.fue-blog.de\/index.php?rest_route=\/wp\/v2\/pages\/20","targetHints":{"allow":["GET"]}}],"collection":[{"href":"https:\/\/www.fue-blog.de\/index.php?rest_route=\/wp\/v2\/pages"}],"about":[{"href":"https:\/\/www.fue-blog.de\/index.php?rest_route=\/wp\/v2\/types\/page"}],"author":[{"embeddable":true,"href":"https:\/\/www.fue-blog.de\/index.php?rest_route=\/wp\/v2\/users\/1"}],"replies":[{"embeddable":true,"href":"https:\/\/www.fue-blog.de\/index.php?rest_route=%2Fwp%2Fv2%2Fcomments&post=20"}],"version-history":[{"count":72,"href":"https:\/\/www.fue-blog.de\/index.php?rest_route=\/wp\/v2\/pages\/20\/revisions"}],"predecessor-version":[{"id":1591,"href":"https:\/\/www.fue-blog.de\/index.php?rest_route=\/wp\/v2\/pages\/20\/revisions\/1591"}],"wp:attachment":[{"href":"https:\/\/www.fue-blog.de\/index.php?rest_route=%2Fwp%2Fv2%2Fmedia&parent=20"}],"curies":[{"name":"wp","href":"https:\/\/api.w.org\/{rel}","templated":true}]}}