{"id":21,"date":"2010-01-14T17:38:59","date_gmt":"2010-01-14T16:38:59","guid":{"rendered":"https:\/\/www.fue-blog.de\/?page_id=21"},"modified":"2010-04-19T20:17:41","modified_gmt":"2010-04-19T18:17:41","slug":"flavius-sturm","status":"publish","type":"page","link":"https:\/\/www.fue-blog.de\/?page_id=21","title":{"rendered":"Flavius Sturm"},"content":{"rendered":"<p><img loading=\"lazy\" decoding=\"async\" class=\"alignnone\" title=\"Flavius Sturm\" src=\"https:\/\/www.fue-blog.de\/\/wp-content\/uploads\/sturm.jpg\" alt=\"\" width=\"95\" height=\"143\" \/><\/p>\n<p><a title=\"Linkification: mailto:Flavius.Sturm@iao.fraunhofer.de\" href=\"mailto:Flavius.Sturm@iao.fraunhofer.de\">Flavius.Sturm@iao.fraunhofer.de<\/a><br \/>\n+49 (0) 711 970 2040<\/p>\n<p style=\"text-align: left;\"><em>Kurzlebenslauf:<\/em><br \/>\nStudium der Wirtschaftswissenschaften an den Universit\u00e4t Hannover (DE), ESC de Rouen (FR) und Dublin City University (IRL). Seit 2002 wissenschaftlicher Mitarbeiter und Berater am Fraunhofer IAO \/ IAT Universit\u00e4t Stuttgart im <a href=\"http:\/\/www.rdm.iao.fhg.de\/\" target=\"_blank\">Competence Center FuE Management<\/a>. Seine Forschungs- und Beratungsschwerpunkte liegen im strategischen Management technologieintensiver Unternehmen, der Gestaltung von Innovationsprozessen, der Dienstleistungsentwicklung und der Leistungsmessung im Bereich Innovation \/ FuE.<\/p>\n<p style=\"text-align: left;\"><em>Ver\u00f6ffentlichungen (Auszug):<\/em><\/p>\n<ul>\n<li> Schimpf, S., Sturm, F. (2009): Au del\u00e0 du business actuel : la remise en question du mod\u00e8le d\u2019affaires. Proceedings of the XVth Conference on Projectics, Bidart, France &amp; San Sebastian, Spain, 26-27 November 2009.<\/li>\n<li>Sturm, F.; Wohlfahrt, L. (2009): Strategien f\u00fcr technologieintensive Unternehmen in Zeiten des Wandels : Anwendungsbeispiel anhand eines globalen Konzerns; Symposium, 1. Juli 2009, Institutszentrum Stuttgart der Fraunhofer-Gesellschaft, Stuttgart: Fraunhofer IAO, 2009<\/li>\n<li>Sturm, F., Schimpf, S. and G\u00f6tzfried, M. (2009): Organising for Innovation: Evidence from a Study among German Manufacturers. Proceedings of the R&amp;D Management Conference, Vienna, Austria, 22.-24. June 2009.<\/li>\n<li>Sturm, F.; M\u00fctze-Niew\u00f6hner, S.; G\u00e4rtner, T.; Schreiber, S.; Gregorius, C.; Werkle, M. (2009): Wachstum durch Wandel zum L\u00f6sungsanbieter &#8211; Pilotierung der Einf\u00fchrung dienstleistungsgetriebener L\u00f6sungen in der Investitionsg\u00fcterindustrie, Werkstatttechnik online 2009<\/li>\n<li>Sturm, F.; Josefiak, F.; Schubert, M. (2008): Combining products and services into solutions &#8211; Evidence from the capital goods industry, in: Thoben, K.-D. ; Univ. of Nottingham, Centre for Concurrent Enterprise: A new wave of innovation in collaborative networks. ICE 2008, Proceedings of the 14th international conference on concurrent enterprising : Lisbon, Portugal, 23-25 June 2008 Nottingham: University of Nottingham, Centre for Concurrent Enterprise, 2008, ISBN: 978-0-85358-244-1, pp.309-316<\/li>\n<li>Sturm, F.; Bading, A. (2008): Investitionsg\u00fcterhersteller als Anbieter industrieller L\u00f6sungen &#8211; Bestandsaufnahme des Wandels anhand einer Umfrage, in: Wirtschaftsinformatik 50 (2008), No.3, pp.174-186, ISSN: 0937-6429<\/li>\n<li>Sturm, F.; Bading, A.; Schubert, M. (2007): Investitionsg\u00fcterhersteller auf dem Weg zum L\u00f6sungsanbieter &#8211; eine empirische Studie, Stuttgart: Fraunhofer IRB Verlag, 2007, 45 pp. ISBN: 3-8167-7396-6, ISBN: 978-3-8167-7396-2<\/li>\n<li>Sturm, F.; Wohlfart, L.; Wolf, P.; Slagter, R.; Emshanova, T. (2006): Setting up communities of practice for innovative Russian SMEs, in: Thoben, K.-D.: Innovative products and services through collaborative networks. ICE 2006, 12th International Conference on Concurrent Enterprising 2006 : Milan, Italy, 26-28 June 2006, Nottingham: Centre for Concurrent Enterprise, University of Nottingham, 2006, ISBN: 0-85358-228-9, ISBN: 978-0-85358-228-1, S.299-306<\/li>\n<li>Wagner, F., Sturm, F. and Schimpf, S. (2006): Moderne FuE-Organisation. In: Sommerlatte, T., Mirow, M., Niedereichholz, C., von Windau, P.G. (2006): Handbuch der Unternehmensberatung: Organisationen f\u00fchren und entwickeln. Erich Schmidt Verlag, Berlin, Kennzahl: 3540.<\/li>\n<li>Pudlatz, M.; Sturm, F.; Kemp, J.; Harris, H. (2005): Competitiveness and sustainable growth for SMEs through creative strategy development, in: Ball, P.D.: Seventh SMESME International Conference Stimulating Manufacturing Excellence in Small &amp; Medium Enterprises 2005. Proceedings : 12 &#8211; 15 June 2005, University of Strathclyde, Glasgow, UK Glasgow: University of Strathclyde, Centre for Strategic Manufacturing Design, Manufacture &amp; Engineering Management, 2005 ISBN: 0-947649-37-9, pp.124-131<\/li>\n<li>Sturm, F.; Pudlatz, M.; Kemp, J.; Hoffmeister, J. (2005): Strategy development for knowledge-based, collaborative SMEs, in: Pawar, K.S.: 11th International Conference on Concurrent Enterprising 2005 : Integrated Engineering of Products, Services and Organisations; Munich, Germany 20-22 June 2005, Nottingham: Centre for Concurrent Enterprising, 2005, ISBN: 0-85358-221-1, ISBN: 978-0-85358-221-2, pp.55-62<\/li>\n<li>Sturm, F.; Wolf, P. (2004): The Co-Existence of Communities of Practice and Virtual Organisations, in: eAdoption and the Knowledge Economy: Issues, Applications, Case Studies, Part 2, Amsterdam, Niederlande 2004, S. 1169-1174<\/li>\n<li>Sturm, F.; Kemp, J.; van Wendel de Joode, R. (2004): Towards Strategic Management in Collaborative network structures, in: Collaborative Networked Organizations: A research agenda for emerging business models, Camarinha-Matos, Luis M.; Afsarmanesh, Hamideh (Hrsg.), Kluwer, 2004, S. 131-138<\/li>\n<li>Kemp, J.L.C.; Sturm, F.; Pudlatz, M.; Wagner, F.; Harris, H.; Lef\u00e8bre, L.-A.; Lef\u00e8bvre, E.; No\u00eb, P. (2004): An Integrated Set of Methods and Tools for Strategic Management of Knowledge-based, Adaptive SMEs, in: Global Challenges in Manufacturing, Proceedings of the IMS Forum 2004 in Cernobbio, Italien, 2004, S. 1236-1243<\/li>\n<li>Evans, S.; Roth, N.; Sturm, F. (2004): Performance measurement and added value of networks, in: Collaborative Networked Organizations: A research agenda for emerging business models, Camarinha-Matos, Luis M.; Afsarmanesh, Hamideh (Hrsg.), Kluwer, 2004, S. 147-152<\/li>\n<li>Camarinha-Matos, L.M.; Afsarmanesh, H.; L\u00f6h, H.; Sturm, F.; Ollus, M. (2004): A strategic roadmap for advanced Virtual organizations, in: Collaborative Networked Organizations: A research agenda for emerging business models, Camarinha-Matos, Luis M.; Afsarmanesh, Hamideh (Hrsg.), Kluwer, 2004, S. 289-312<\/li>\n<li>Camarinha-Matos, L.M.; Banahan, E.; Pinho de Sousa, J.; Sturm, F.; Afsarmanesh, H.; Barata, J.; Playfoot, J.; Tschammer, V. (2004): Emerging collaborative forms, in: Collaborative Networked Organizations: A research agenda for emerging business models, Camarinha-Matos, Luis M.; Afsarmanesh, Hamideh (Hrsg.), Kluwer, 2004, S. 41-64<\/li>\n<\/ul>\n","protected":false},"excerpt":{"rendered":"<p>Flavius.Sturm@iao.fraunhofer.de +49 (0) 711 970 2040 Kurzlebenslauf: Studium der Wirtschaftswissenschaften an den Universit\u00e4t Hannover (DE), ESC de Rouen (FR) und Dublin City University (IRL). Seit 2002 wissenschaftlicher Mitarbeiter und Berater am Fraunhofer IAO \/ IAT Universit\u00e4t Stuttgart im Competence Center FuE Management. Seine Forschungs- und Beratungsschwerpunkte liegen im strategischen Management technologieintensiver Unternehmen, der Gestaltung von &hellip; <\/p>\n<p class=\"link-more\"><a href=\"https:\/\/www.fue-blog.de\/?page_id=21\" class=\"more-link\"><span class=\"screen-reader-text\">\u201eFlavius Sturm\u201c <\/span>weiterlesen<\/a><\/p>\n","protected":false},"author":1,"featured_media":0,"parent":0,"menu_order":0,"comment_status":"closed","ping_status":"open","template":"","meta":{"footnotes":""},"class_list":["post-21","page","type-page","status-publish","hentry"],"_links":{"self":[{"href":"https:\/\/www.fue-blog.de\/index.php?rest_route=\/wp\/v2\/pages\/21","targetHints":{"allow":["GET"]}}],"collection":[{"href":"https:\/\/www.fue-blog.de\/index.php?rest_route=\/wp\/v2\/pages"}],"about":[{"href":"https:\/\/www.fue-blog.de\/index.php?rest_route=\/wp\/v2\/types\/page"}],"author":[{"embeddable":true,"href":"https:\/\/www.fue-blog.de\/index.php?rest_route=\/wp\/v2\/users\/1"}],"replies":[{"embeddable":true,"href":"https:\/\/www.fue-blog.de\/index.php?rest_route=%2Fwp%2Fv2%2Fcomments&post=21"}],"version-history":[{"count":7,"href":"https:\/\/www.fue-blog.de\/index.php?rest_route=\/wp\/v2\/pages\/21\/revisions"}],"predecessor-version":[{"id":259,"href":"https:\/\/www.fue-blog.de\/index.php?rest_route=\/wp\/v2\/pages\/21\/revisions\/259"}],"wp:attachment":[{"href":"https:\/\/www.fue-blog.de\/index.php?rest_route=%2Fwp%2Fv2%2Fmedia&parent=21"}],"curies":[{"name":"wp","href":"https:\/\/api.w.org\/{rel}","templated":true}]}}